{"id":3365,"date":"2016-12-21T10:24:12","date_gmt":"2016-12-21T10:24:12","guid":{"rendered":"https:\/\/taysirassistance.tn\/?page_id=3365&#038;lang=fr"},"modified":"2025-03-17T00:15:55","modified_gmt":"2025-03-17T00:15:55","slug":"taysir-assistance","status":"publish","type":"page","link":"https:\/\/taysirassistance.tn\/fr\/","title":{"rendered":"Taysir Assistance"},"content":{"rendered":"<div class=\"wpb-content-wrapper\"><p>[vc_row full_width=\u00a0\u00bb0&Prime; full_height=\u00a0\u00bb0&Prime; row_padding=\u00a0\u00bbno_top_padding\u00a0\u00bb particles=\u00a0\u00bb0&Prime;][vc_column][vc_empty_space]<div class=\"section_header subtitle_bottom   fancy text-left\">\n\n    <h2>Bienvenue chez Taysir Assistance<\/h2>\n\n\n        <p >Nous avons \u00e9tabli une relation de longue date bas\u00e9e sur la confiance<\/p>\n<\/div>[\/vc_column][vc_column width=\u00a0\u00bb2\/3&Prime; heading_align=\u00a0\u00bbtext-center\u00a0\u00bb align=\u00a0\u00bbtext-left\u00a0\u00bb margin=\u00a0\u00bbmargin_bottom_grid\u00a0\u00bb][vc_column_text]<strong>Confort et satisfaction des patients<\/strong>: Toutes nos ambulances sont climatis\u00e9es \u00e9quip\u00e9es des derni\u00e8res technologies et par un mat\u00e9riel m\u00e9dical de haute qualit\u00e9<\/p>\n<p><strong>Intervention rapide<\/strong>: Nous sommes disponibles 24h\/24 et 7j\/7, nous nous engageons \u00e0 intervenir dans les plus brefs d\u00e9lais qui suivent votre appel.[\/vc_column_text][vc_text_separator title=\u00a0\u00bb\u00a0\u00bb title_align=\u00a0\u00bbseparator_align_left\u00a0\u00bb align=\u00a0\u00bbalign_right\u00a0\u00bb color=\u00a0\u00bbblack\u00a0\u00bb][vc_column_text]<strong>Professionnalisme<\/strong>: Rien ne se fait sans une demande de devis confirm\u00e9e de votre part.<\/p>\n<p><strong>Qualit\u00e9 et hygi\u00e8ne<\/strong>: Parce que nous sommes attach\u00e9s \u00e0 l\u2019am\u00e9lioration continue de la qualit\u00e9\u00a0de nos services, nous avons lanc\u00e9 un programme de syst\u00e8me de management qualit\u00e9, pour une \u00a0am\u00e9lioration constante de nos services, conform\u00e9ment aux exigences de la norme\u00a0<strong><a href=\"https:\/\/taysirassistance.tn\/fr\/accreditation-systeme-management-qualite-smq-iso-9001\/\">ISO 9001 (DQS)<\/a>\u00a0<\/strong>version 2008.[\/vc_column_text]<div class=\"plethora_button wpb_content_element   text-left \">\n    <a href=\"https:\/\/taysirassistance.tn\/fr\/contact\/\" debug class=\" btn btn-default with-icon icon-left\" title=\"\"  target=\"_self\">\n\n         <i class=\"fa fa-hospital-o\"><\/i> \n        Contactez nous\n        \n\n    <\/a>\n<\/div>[\/vc_column][vc_column width=\u00a0\u00bb1\/3&Prime; align=\u00a0\u00bbtext-left\u00a0\u00bb]<!-- ========================== TEASER BOX ==========================-->\n<div class=\"teaser_box wpb_content_element text-center  skincolored_section    with_button    \">\n\n  <div class=\"figure \">\n\n\n      <a href=\"https:\/\/taysirassistance.tn\/fr\/contact\/\" debug title=\"\" target=\"\"> \n\n        \n         <div class=\"figure  stretchy_wrapper ratio_16-9\" style=\"background-image:url('https:\/\/taysirassistance.tn\/wp-content\/uploads\/2016\/12\/11013455_900514470022398_2244575942871145868_n.jpg')\"><\/div> \n        \n          \n\n        \n\n    <\/a>\n\n  <\/div>\n\n\n\n  <div class=\"content text-center boxed  with_button \">\n    \n    <div class=\"hgroup\">\n       <h4 class=\"neutralize_links\">\n       Guide du patient et du visiteur\n       <\/h4>\n       <p>Taysir Assistance<\/p> \n    <\/div>\n\n    \n\n    <div class=\"link centered\">\n        <a href=\"https:\/\/taysirassistance.tn\/fr\/contact\/\"  target=\"\" class=\"btn btn-xs btn-secondary\"><strong>Plus<\/strong><\/a>\n    <\/div>\n\n  <\/div>\n\n<\/div>\n\n<!-- END======================= TEASER BOX ==========================-->[\/vc_column][vc_column][vc_empty_space]<div class=\"section_header subtitle_bottom   fancy text-center\">\n\n    <h3>Accreditation; Syst\u00e8me de Management Qualit\u00e9( SMQ) ISO 9001 QQS<\/h3>\n\n\n        <p ><\/p>\n<\/div>[vc_empty_space][vc_row_inner][vc_column_inner width=\u00a0\u00bb1\/3&Prime;][vc_single_image image=\u00a0\u00bb2921&Prime; img_size=\u00a0\u00bbfull\u00a0\u00bb alignment=\u00a0\u00bbcenter\u00a0\u00bb][\/vc_column_inner][vc_column_inner width=\u00a0\u00bb1\/3&Prime;][vc_single_image image=\u00a0\u00bb2922&Prime; img_size=\u00a0\u00bbfull\u00a0\u00bb alignment=\u00a0\u00bbcenter\u00a0\u00bb][\/vc_column_inner][vc_column_inner width=\u00a0\u00bb1\/3&Prime;][vc_single_image image=\u00a0\u00bb2923&Prime; img_size=\u00a0\u00bbfull\u00a0\u00bb alignment=\u00a0\u00bbcenter\u00a0\u00bb][\/vc_column_inner][\/vc_row_inner][\/vc_column][\/vc_row][vc_row color_set=\u00a0\u00bbsecondary_section\u00a0\u00bb full_width=\u00a0\u00bb0&Prime; full_height=\u00a0\u00bb0&Prime; particles=\u00a0\u00bb0&Prime;][vc_column][vc_row_inner][vc_column_inner width=\u00a0\u00bb1\/2&Prime;]<div class=\"section_header subtitle_bottom   fancy text-left\">\n\n    <h2>L\u2019\u00e9quipe de Taysir Assistance<\/h2>\n\n\n        <p >est \u00e0 votre service pour le transport par ambulance (toutes cat\u00e9gories), assistance m\u00e9dicale et param\u00e9dicale.<br \/>\nNous couvrons tout le territoire tunisien, 24\/24, 7\/7<\/p>\n<\/div>[\/vc_column_inner][vc_column_inner width=\u00a0\u00bb1\/2&Prime;][vc_single_image image=\u00a0\u00bb3743&Prime; img_size=\u00a0\u00bbfull\u00a0\u00bb alignment=\u00a0\u00bbright\u00a0\u00bb][\/vc_column_inner][\/vc_row_inner][\/vc_column][vc_column heading_align=\u00a0\u00bbtext-center\u00a0\u00bb align=\u00a0\u00bbtext-left\u00a0\u00bb margin=\u00a0\u00bbmargin_bottom_grid\u00a0\u00bb offset=\u00a0\u00bbvc_col-md-8&Prime;][vc_row_inner][vc_column_inner width=\u00a0\u00bb1\/3&Prime;]<!-- ========================== TEASER BOX ==========================-->\n<div class=\"teaser_box wpb_content_element text-center  light_section    with_button    \">\n\n  <div class=\"figure transparent\">\n\n\n      <a href=\"https:\/\/taysirassistance.tn\/fr\/ambulance-taysir\/\" debug title=\"\" target=\"\"> \n\n        \n         <div class=\"figure transparent stretchy_wrapper ratio_4-3\" style=\"background-image:url('https:\/\/taysirassistance.tn\/wp-content\/uploads\/2015\/09\/photo1.jpg')\"><\/div> \n        \n          \n\n        \n\n    <\/a>\n\n  <\/div>\n\n\n\n  <div class=\"content text-center boxed  with_button \">\n    \n    <div class=\"hgroup\">\n       <h4 class=\"neutralize_links\">\n       Transport\n       <\/h4>\n       <p>Sanitaire et M\u00e9dicalis\u00e9<\/p> \n    <\/div>\n\n    \n\n    <div class=\"link centered\">\n        <a href=\"https:\/\/taysirassistance.tn\/fr\/ambulance-taysir\/\"  target=\"\" class=\"btn btn-xs btn-primary\"><strong>Plus<\/strong><\/a>\n    <\/div>\n\n  <\/div>\n\n<\/div>\n\n<!-- END======================= TEASER BOX ==========================-->[\/vc_column_inner][vc_column_inner width=\u00a0\u00bb1\/3&Prime;]<!-- ========================== TEASER BOX ==========================-->\n<div class=\"teaser_box wpb_content_element text-center  light_section    with_button    vc_custom_1483565123577 \">\n\n  <div class=\"figure transparent\">\n\n\n      <a href=\"https:\/\/taysirassistance.tn\/fr\/taysir-assistance-2\/\" debug title=\"\" target=\"\"> \n\n        \n         <div class=\"figure transparent stretchy_wrapper ratio_4-3\" style=\"background-image:url('https:\/\/taysirassistance.tn\/wp-content\/uploads\/2015\/09\/photo2.jpg')\"><\/div> \n        \n          \n\n        \n\n    <\/a>\n\n  <\/div>\n\n\n\n  <div class=\"content text-center boxed  with_button \">\n    \n    <div class=\"hgroup\">\n       <h4 class=\"neutralize_links\">\n       Assistance M\u00e9dicale\n       <\/h4>\n      \n    <\/div>\n\n    \n\n    <div class=\"link centered\">\n        <a href=\"https:\/\/taysirassistance.tn\/fr\/taysir-assistance-2\/\"  target=\"\" class=\"btn btn-xs btn-primary\"><strong>Plus<\/strong><\/a>\n    <\/div>\n\n  <\/div>\n\n<\/div>\n\n<!-- END======================= TEASER BOX ==========================-->[\/vc_column_inner][vc_column_inner width=\u00a0\u00bb1\/3&Prime;]<!-- ========================== TEASER BOX ==========================-->\n<div class=\"teaser_box wpb_content_element text-center  light_section    with_button    \">\n\n  <div class=\"figure \">\n\n\n      <a href=\"https:\/\/taysirassistance.tn\/fr\/carrieres\/\" debug title=\"\" target=\"\"> \n\n        \n         <div class=\"figure  stretchy_wrapper ratio_4-3\" style=\"background-image:url('https:\/\/taysirassistance.tn\/wp-content\/uploads\/2016\/12\/Photo1469-1-1.jpg')\"><\/div> \n        \n          \n\n        \n\n    <\/a>\n\n  <\/div>\n\n\n\n  <div class=\"content text-center boxed  with_button \">\n    \n    <div class=\"hgroup\">\n       <h4 class=\"neutralize_links\">\n       Notre \u00e9quipe\n       <\/h4>\n       <p>M\u00e9decins et Paramedic<\/p> \n    <\/div>\n\n    \n\n    <div class=\"link centered\">\n        <a href=\"https:\/\/taysirassistance.tn\/fr\/carrieres\/\"  target=\"\" class=\"btn btn-xs btn-primary\"><strong>Plus<\/strong><\/a>\n    <\/div>\n\n  <\/div>\n\n<\/div>\n\n<!-- END======================= TEASER BOX ==========================-->[\/vc_column_inner][\/vc_row_inner][\/vc_column][vc_column align=\u00a0\u00bbtext-left\u00a0\u00bb offset=\u00a0\u00bbvc_col-md-4&Prime;][vc_text_separator title=\u00a0\u00bbTRANSPORT M\u00c9DICAL MODERNE\u00a0\u00bb title_align=\u00a0\u00bbseparator_align_left\u00a0\u00bb align=\u00a0\u00bbalign_right\u00a0\u00bb color=\u00a0\u00bbblack\u00a0\u00bb][vc_column_text]Confort et satisfaction des patients<\/p>\n<p>Intervention rapide<\/p>\n<p>Professionnalisme<\/p>\n<p>Qualit\u00e9 et hygi\u00e8ne[\/vc_column_text][\/vc_column][\/vc_row][vc_row color_set=\u00a0\u00bblight_section\u00a0\u00bb full_width=\u00a0\u00bb0&Prime; full_height=\u00a0\u00bb0&Prime; sep_bottom=\u00a0\u00bbseparator_bottom sep_angled_positive_bottom\u00a0\u00bb particles=\u00a0\u00bb0&Prime;][vc_column]<div class=\"section_header subtitle_bottom   fancy text-center\">\n\n    <h2>Bienvenue en Tunisie<\/h2>\n\n\n        <p ><\/p>\n<\/div>[vc_row_inner][vc_column_inner width=\u00a0\u00bb1\/3&Prime;][\/vc_column_inner][vc_column_inner width=\u00a0\u00bb1\/3&Prime;][vc_gallery type=\u00a0\u00bbnivo\u00a0\u00bb interval=\u00a0\u00bb3&Prime; images=\u00a0\u00bb2971,2970,2969,2968,2967,2966,2965,2964,2963,2962,2961,2960&Prime; img_size=\u00a0\u00bblarge\u00a0\u00bb onclick=\u00a0\u00bb\u00a0\u00bb css=\u00a0\u00bb\u00a0\u00bb][\/vc_column_inner][vc_column_inner width=\u00a0\u00bb1\/3&Prime;][\/vc_column_inner][\/vc_row_inner][\/vc_column][\/vc_row][vc_row color_set=\u00a0\u00bbsecondary_section\u00a0\u00bb align=\u00a0\u00bbtext-center\u00a0\u00bb full_width=\u00a0\u00bb0&Prime; full_height=\u00a0\u00bb0&Prime; cols_valign=\u00a0\u00bbvcenter\u00a0\u00bb transparent_overlay=\u00a0\u00bbtransparent_film\u00a0\u00bb background=\u00a0\u00bbbgimage\u00a0\u00bb bgimage=\u00a0\u00bb1863&Prime; parallax=\u00a0\u00bb0&Prime;][vc_column align=\u00a0\u00bbtext-center\u00a0\u00bb]<div class=\"section_header subtitle_bottom   fancy text-center\">\n\n    <h2>Besoin d&rsquo;un transport personnel de sant\u00e9?<\/h2>\n\n\n        <p >Appelez d\u00e8s maintenant (+216) 58-372-372 et recevez des soins de sant\u00e9 de qualit\u00e9 sup\u00e9rieure pour vous et votre famille<\/p>\n<\/div><div class=\"plethora_button wpb_content_element   text-center \">\n    <a href=\"https:\/\/taysirassistance.tn\/contact-taysir\/\" debug class=\" btn btn-success with-icon icon-left\" title=\"\"  target=\"_self\">\n\n         <i class=\"fa fa-check\"><\/i> \n        Demander un plan\n        \n\n    <\/a>\n<\/div>[\/vc_column][\/vc_row]<\/p>\n<\/div>","protected":false},"excerpt":{"rendered":"<p>[vc_row full_width=\u00a0\u00bb0&Prime; full_height=\u00a0\u00bb0&Prime; row_padding=\u00a0\u00bbno_top_padding\u00a0\u00bb particles=\u00a0\u00bb0&Prime;][vc_column][vc_empty_space][\/vc_column][vc_column width=\u00a0\u00bb2\/3&Prime; heading_align=\u00a0\u00bbtext-center\u00a0\u00bb align=\u00a0\u00bbtext-left\u00a0\u00bb margin=\u00a0\u00bbmargin_bottom_grid\u00a0\u00bb][vc_column_text]Confort et satisfaction des patients: Toutes nos ambulances sont climatis\u00e9es \u00e9quip\u00e9es des derni\u00e8res technologies et par un mat\u00e9riel m\u00e9dical de haute qualit\u00e9 Intervention rapide: Nous sommes disponibles 24h\/24 et 7j\/7, nous nous engageons \u00e0 intervenir dans les plus brefs d\u00e9lais qui suivent votre appel.[\/vc_column_text][vc_text_separator title=\u00a0\u00bb\u00a0\u00bb title_align=\u00a0\u00bbseparator_align_left\u00a0\u00bb align=\u00a0\u00bbalign_right\u00a0\u00bb [&hellip;]<\/p>\n","protected":false},"author":9,"featured_media":0,"parent":0,"menu_order":0,"comment_status":"closed","ping_status":"closed","template":"","meta":{"footnotes":""},"class_list":["post-3365","page","type-page","status-publish","hentry"],"_links":{"self":[{"href":"https:\/\/taysirassistance.tn\/fr\/wp-json\/wp\/v2\/pages\/3365","targetHints":{"allow":["GET"]}}],"collection":[{"href":"https:\/\/taysirassistance.tn\/fr\/wp-json\/wp\/v2\/pages"}],"about":[{"href":"https:\/\/taysirassistance.tn\/fr\/wp-json\/wp\/v2\/types\/page"}],"author":[{"embeddable":true,"href":"https:\/\/taysirassistance.tn\/fr\/wp-json\/wp\/v2\/users\/9"}],"replies":[{"embeddable":true,"href":"https:\/\/taysirassistance.tn\/fr\/wp-json\/wp\/v2\/comments?post=3365"}],"version-history":[{"count":50,"href":"https:\/\/taysirassistance.tn\/fr\/wp-json\/wp\/v2\/pages\/3365\/revisions"}],"predecessor-version":[{"id":3702,"href":"https:\/\/taysirassistance.tn\/fr\/wp-json\/wp\/v2\/pages\/3365\/revisions\/3702"}],"wp:attachment":[{"href":"https:\/\/taysirassistance.tn\/fr\/wp-json\/wp\/v2\/media?parent=3365"}],"curies":[{"name":"wp","href":"https:\/\/api.w.org\/{rel}","templated":true}]}}