{"id":3388,"date":"2016-12-21T10:39:57","date_gmt":"2016-12-21T10:39:57","guid":{"rendered":"https:\/\/taysirassistance.tn\/?page_id=3388&#038;lang=fr"},"modified":"2017-01-02T21:14:53","modified_gmt":"2017-01-02T21:14:53","slug":"notre-equipe","status":"publish","type":"page","link":"https:\/\/taysirassistance.tn\/fr\/notre-equipe\/","title":{"rendered":"Notre \u00e9quipe"},"content":{"rendered":"<div class=\"wpb-content-wrapper\"><p>[vc_row full_width=\u00a0\u00bb0&Prime; full_height=\u00a0\u00bb0&Prime; row_padding=\u00a0\u00bbno_bottom_padding\u00a0\u00bb particles=\u00a0\u00bb0&Prime;][vc_column]<div class=\"section_header subtitle_bottom   fancy text-center\">\n\n    <h3>Equipe M\u00e9dicale et Param\u00e9dicale<\/h3>\n\n\n        <p ><\/p>\n<\/div>[vc_column_text]<strong>Une \u00e9quipe de professionnels<\/strong> est \u00e0 votre service apportant une r\u00e9ponse adapt\u00e9e \u00e0 vos besoins 7 jours\/7, 24H\/24 avec un parc automobile adapt\u00e9 \u00e0 chaque situation.[\/vc_column_text][vc_column_text]Notre \u00e9quipe est compos\u00e9e\u00a0:[\/vc_column_text][vc_row_inner][vc_column_inner width=\u00a0\u00bb1\/2&Prime;][vc_column_text]<strong>De r\u00e9gulateurs<\/strong>, qui r\u00e9ceptionnent, planifient et suivent le bon d\u00e9roulement des interventions qu\u2019elles \u00a0soient programm\u00e9es ou urgentes.[\/vc_column_text][\/vc_column_inner][vc_column_inner width=\u00a0\u00bb1\/2&Prime;][vc_single_image image=\u00a0\u00bb3083&Prime; img_size=\u00a0\u00bbfull\u00a0\u00bb][\/vc_column_inner][\/vc_row_inner][vc_row_inner][vc_column_inner width=\u00a0\u00bb1\/2&Prime;][vc_column_text]<strong>De m\u00e9decins sp\u00e9cialistes\u00a0<\/strong>(urgentistes et anesth\u00e9sistes r\u00e9animateurs) comp\u00e9tents et exp\u00e9riment\u00e9s sont disponibles et form\u00e9s pour effectuer tout type d\u2019interventions.[\/vc_column_text][\/vc_column_inner][vc_column_inner width=\u00a0\u00bb1\/4&Prime;][vc_single_image image=\u00a0\u00bb3158&Prime; img_size=\u00a0\u00bbfull\u00a0\u00bb][\/vc_column_inner][vc_column_inner width=\u00a0\u00bb1\/4&Prime;][vc_single_image image=\u00a0\u00bb3082&Prime; img_size=\u00a0\u00bbfull\u00a0\u00bb][\/vc_column_inner][\/vc_row_inner][vc_row_inner][vc_column_inner width=\u00a0\u00bb1\/2&Prime;][vc_column_text]<strong>Une \u00e9quipe param\u00e9dicale<\/strong>\u00a0compos\u00e9e d\u2019infirmiers, aides soignants et ambulanciers form\u00e9s en interne aux sp\u00e9cificit\u00e9s du transport sanitaire, poss\u00e9dant plusieurs exp\u00e9riences au sein des services hospitaliers d\u2019urgences (SMUR) et d\u2019anesth\u00e9sie et r\u00e9animations et qui assurent une prise en charge et surveillance des patients durant le transport avec du mat\u00e9riel et des v\u00e9hicules conformes aux dispositions r\u00e9glementaires.[\/vc_column_text][\/vc_column_inner][vc_column_inner width=\u00a0\u00bb1\/4&Prime;][vc_single_image image=\u00a0\u00bb3060&Prime; img_size=\u00a0\u00bbfull\u00a0\u00bb][\/vc_column_inner][vc_column_inner width=\u00a0\u00bb1\/4&Prime;][vc_single_image image=\u00a0\u00bb3081&Prime; img_size=\u00a0\u00bbfull\u00a0\u00bb][\/vc_column_inner][\/vc_row_inner]<div class=\"section_header subtitle_bottom   fancy text-center\">\n\n    <h2>Pensez-vous pouvoir travailler avec nous?<\/h2>\n\n\n        <p >Contactez-nous avec un CV pour organiser une entrevue!<\/p>\n<\/div>[vc_column_text]Faire carri\u00e8re chez nous\u00a0:<\/p>\n<p>Vous pouvez int\u00e9grer notre \u00e9quipe\u00a0; Chez Taysir Assistance, nous travaillons tous les jours pour atteindre \u2013 voire d\u00e9passer \u2013 notre objectif, pour devenir le fournisseur de soins de sant\u00e9 le plus comp\u00e9tent. Chaque jour nous apporte de nouvelles d\u00e9couvertes, et de nouveaux d\u00e9fis.<\/p>\n<p>Nous sommes fiers de notre environnement de travail qui est tr\u00e8s accueillant, et favorable pour plus de formation et de savoir faire.<\/p>\n<p>En tant qu\u2019employ\u00e9 chez Taysir Assistance,:<\/p>\n<ul>\n<li>Vous rencontreriez des gens \u00e9tonnants et inspirants tous les jours.<\/li>\n<li>Vous profiterez de votre v\u00e9ritable potentiel.<\/li>\n<li>Vous d\u00e9velopperez vos comp\u00e9tences existantes tout en d\u00e9couvrant de nouvelles comp\u00e9tences.<\/li>\n<li>Vous trouveriez une satisfaction \u00e0 chaque journ\u00e9e de travail.Chez Taysir Assistance nous sommes toujours int\u00e9ress\u00e9s \u00e0 attirer des professionnels \u00e0 notre entreprise et pr\u00eats \u00e0 consid\u00e9rer toutes les offres int\u00e9ressantes. Vous pouvez envoyer votre curriculum vitae uniquement par courrier \u00e9lectronique avec la remarque \u00abD\u00e9partement RH\u00bb.<\/li>\n<\/ul>\n<p>[\/vc_column_text][\/vc_column][\/vc_row][vc_row color_set=\u00a0\u00bbsecondary_section\u00a0\u00bb align=\u00a0\u00bbtext-center\u00a0\u00bb full_width=\u00a0\u00bb0&Prime; full_height=\u00a0\u00bb0&Prime; transparent_overlay=\u00a0\u00bbtransparent_film\u00a0\u00bb background=\u00a0\u00bbbgimage\u00a0\u00bb bgimage=\u00a0\u00bb3060&Prime; parallax=\u00a0\u00bb1&Prime;][vc_column]<div class=\"section_header subtitle_bottom   fancy text-center\">\n\n    <h2>Pensez-vous pouvoir travailler avec nous?<\/h2>\n\n\n        <p >Contactez-nous avec un CV pour organiser une entrevue!<\/p>\n<\/div><div class=\"plethora_button wpb_content_element   text-center \">\n    <a href=\"https:\/\/taysirassistance.tn\/fr\/travaille-avec-nous\/\" debug class=\" btn btn-success with-icon icon-left\" title=\"\"  target=\"_self\">\n\n         <i class=\"fa fa-file-text-o\"><\/i> \n        Envoyez-nous votre CV\n        \n\n    <\/a>\n<\/div>[\/vc_column][\/vc_row]<\/p>\n<\/div>","protected":false},"excerpt":{"rendered":"<p>[vc_row full_width=\u00a0\u00bb0&Prime; full_height=\u00a0\u00bb0&Prime; row_padding=\u00a0\u00bbno_bottom_padding\u00a0\u00bb particles=\u00a0\u00bb0&Prime;][vc_column][vc_column_text]Une \u00e9quipe de professionnels est \u00e0 votre service apportant une r\u00e9ponse adapt\u00e9e \u00e0 vos besoins 7 jours\/7, 24H\/24 avec un parc automobile adapt\u00e9 \u00e0 chaque situation.[\/vc_column_text][vc_column_text]Notre \u00e9quipe est compos\u00e9e\u00a0:[\/vc_column_text][vc_row_inner][vc_column_inner width=\u00a0\u00bb1\/2&Prime;][vc_column_text]De r\u00e9gulateurs, qui r\u00e9ceptionnent, planifient et suivent le bon d\u00e9roulement des interventions qu\u2019elles \u00a0soient programm\u00e9es ou urgentes.[\/vc_column_text][\/vc_column_inner][vc_column_inner width=\u00a0\u00bb1\/2&Prime;][vc_single_image image=\u00a0\u00bb3083&Prime; img_size=\u00a0\u00bbfull\u00a0\u00bb][\/vc_column_inner][\/vc_row_inner][vc_row_inner][vc_column_inner width=\u00a0\u00bb1\/2&Prime;][vc_column_text]De m\u00e9decins [&hellip;]<\/p>\n","protected":false},"author":9,"featured_media":3081,"parent":0,"menu_order":0,"comment_status":"closed","ping_status":"closed","template":"","meta":{"footnotes":""},"class_list":["post-3388","page","type-page","status-publish","has-post-thumbnail","hentry"],"_links":{"self":[{"href":"https:\/\/taysirassistance.tn\/fr\/wp-json\/wp\/v2\/pages\/3388","targetHints":{"allow":["GET"]}}],"collection":[{"href":"https:\/\/taysirassistance.tn\/fr\/wp-json\/wp\/v2\/pages"}],"about":[{"href":"https:\/\/taysirassistance.tn\/fr\/wp-json\/wp\/v2\/types\/page"}],"author":[{"embeddable":true,"href":"https:\/\/taysirassistance.tn\/fr\/wp-json\/wp\/v2\/users\/9"}],"replies":[{"embeddable":true,"href":"https:\/\/taysirassistance.tn\/fr\/wp-json\/wp\/v2\/comments?post=3388"}],"version-history":[{"count":9,"href":"https:\/\/taysirassistance.tn\/fr\/wp-json\/wp\/v2\/pages\/3388\/revisions"}],"predecessor-version":[{"id":3653,"href":"https:\/\/taysirassistance.tn\/fr\/wp-json\/wp\/v2\/pages\/3388\/revisions\/3653"}],"wp:featuredmedia":[{"embeddable":true,"href":"https:\/\/taysirassistance.tn\/fr\/wp-json\/wp\/v2\/media\/3081"}],"wp:attachment":[{"href":"https:\/\/taysirassistance.tn\/fr\/wp-json\/wp\/v2\/media?parent=3388"}],"curies":[{"name":"wp","href":"https:\/\/api.w.org\/{rel}","templated":true}]}}