{"id":3399,"date":"2016-12-21T10:44:39","date_gmt":"2016-12-21T10:44:39","guid":{"rendered":"https:\/\/taysirassistance.tn\/?page_id=3399&#038;lang=fr"},"modified":"2025-03-17T22:08:47","modified_gmt":"2025-03-17T22:08:47","slug":"taysir-assistance-2","status":"publish","type":"page","link":"https:\/\/taysirassistance.tn\/fr\/taysir-assistance-2\/","title":{"rendered":"Assistance"},"content":{"rendered":"<div class=\"wpb-content-wrapper\"><p>[vc_row full_width=\u00a0\u00bb0&Prime; full_height=\u00a0\u00bb0&Prime; row_padding=\u00a0\u00bbno_bottom_padding\u00a0\u00bb sep_bottom=\u00a0\u00bbseparator_bottom sep_angled_positive_bottom\u00a0\u00bb particles=\u00a0\u00bb0&Prime;][vc_column][vc_column_text]TAYSIR ASSISTANCE est sp\u00e9cialis\u00e9e dans l\u2019<strong>assistance m\u00e9dicale<\/strong>, travaillant en collaboration avec les diff\u00e9rentes compagnies d\u2019assurances \u00e9trang\u00e8res op\u00e9rant en Tunisie, nous nous chargeons de la coordination et de l\u2019optimisation de la\u00a0<strong>logistique\u00a0<\/strong>des<strong>\u00a0secours<\/strong>.<br \/>\nSoucieux de fournir un service de qualit\u00e9, nous r\u00e9alisons une \u00e9tude personnalis\u00e9e pour chaque cas, dirig\u00e9 par un\u00a0<strong>m\u00e9decin\u00a0<\/strong>coordonnateur.[\/vc_column_text][\/vc_column][vc_column][vc_column_text]L\u2019<strong>assistance m\u00e9dicale<\/strong>\u00a0mise en \u0153uvre est conseill\u00e9e et argument\u00e9e de mani\u00e8re pr\u00e9cise, afin de garantir aux organisateurs une\u00a0<strong>s\u00e9curit\u00e9 m\u00e9dicale<\/strong>\u00a0juridique et contractuelle.<br \/>\nLe\u00a0<strong>m\u00e9decin<\/strong>\u00a0sur place est juridiquement responsable du d\u00e9roulement des\u00a0<strong>secours pour une ou un groupe de personne.<\/strong><br \/>\nNotre \u00e9quipe de professionnels prend en charge la logistique de vos clients tout au long de leur voyage.[\/vc_column_text][\/vc_column][vc_column][vc_empty_space][\/vc_column][vc_column width=\u00a0\u00bb2\/3&Prime;][vc_row_inner][vc_column_inner width=\u00a0\u00bb1\/3&Prime;]<!-- ========================== TEASER BOX ==========================-->\n<div class=\"teaser_box wpb_content_element text-center  transparent boxed_special   with_button    \">\n\n  <div class=\"figure transparent\">\n\n\n      <a href=\"https:\/\/taysirassistance.tn\/fr\/taysir-assistance-2\/assistance-medicale-et-paramedicale\/\" debug title=\"\" target=\"\"> \n\n        \n        \n        \n         <img decoding=\"async\" src=\"https:\/\/taysirassistance.tn\/wp-content\/uploads\/2016\/12\/pvt-sg.jpeg\" alt=\"Assistance m\u00e9dicale et param\u00e9dicale\">   \n\n        \n\n    <\/a>\n\n  <\/div>\n\n\n\n  <div class=\"content text-center   with_button \">\n    \n    <div class=\"hgroup\">\n       <h4 class=\"neutralize_links\">\n       Assistance m\u00e9dicale et param\u00e9dicale\n       <\/h4>\n       <p>Service d'assistance<\/p> \n    <\/div>\n\n    \n\n    <div class=\"link centered\">\n        <a href=\"https:\/\/taysirassistance.tn\/fr\/taysir-assistance-2\/assistance-medicale-et-paramedicale\/\"  target=\"\" class=\"btn btn-xs btn-primary\"><strong>Plus<\/strong><\/a>\n    <\/div>\n\n  <\/div>\n\n<\/div>\n\n<!-- END======================= TEASER BOX ==========================-->[\/vc_column_inner][vc_column_inner width=\u00a0\u00bb1\/3&Prime;]<!-- ========================== TEASER BOX ==========================-->\n<div class=\"teaser_box wpb_content_element text-center  transparent boxed_special   with_button    \">\n\n  <div class=\"figure transparent\">\n\n\n      <a href=\"https:\/\/taysirassistance.tn\/fr\/introduction\/rapatriement\/\" debug title=\"\" target=\"\"> \n\n        \n        \n        \n         <img decoding=\"async\" src=\"https:\/\/taysirassistance.tn\/wp-content\/uploads\/2016\/12\/Photo1469-1.jpg\" alt=\"Rapatriement\">   \n\n        \n\n    <\/a>\n\n  <\/div>\n\n\n\n  <div class=\"content text-center   with_button \">\n    \n    <div class=\"hgroup\">\n       <h4 class=\"neutralize_links\">\n       Rapatriement\n       <\/h4>\n       <p>Service d'assistance<\/p> \n    <\/div>\n\n    \n\n    <div class=\"link centered\">\n        <a href=\"https:\/\/taysirassistance.tn\/fr\/introduction\/rapatriement\/\"  target=\"\" class=\"btn btn-xs btn-primary\"><strong>Plus<\/strong><\/a>\n    <\/div>\n\n  <\/div>\n\n<\/div>\n\n<!-- END======================= TEASER BOX ==========================-->[\/vc_column_inner][vc_column_inner width=\u00a0\u00bb1\/3&Prime;]<!-- ========================== TEASER BOX ==========================-->\n<div class=\"teaser_box wpb_content_element text-center  transparent boxed_special   with_button    \">\n\n  <div class=\"figure transparent\">\n\n\n      <a href=\"https:\/\/taysirassistance.tn\/fr\/introduction\/sites-de-forage-et-dexploration-de-compagnies-petrolieres\/\" debug title=\"\" target=\"\"> \n\n        \n        \n        \n         <img decoding=\"async\" src=\"https:\/\/taysirassistance.tn\/wp-content\/uploads\/2016\/12\/compagnie-petroliere-eni-.jpg\" alt=\"Compagnies p\u00e9troli\u00e8res\">   \n\n        \n\n    <\/a>\n\n  <\/div>\n\n\n\n  <div class=\"content text-center   with_button \">\n    \n    <div class=\"hgroup\">\n       <h4 class=\"neutralize_links\">\n       Compagnies p\u00e9troli\u00e8res\n       <\/h4>\n       <p>Service d'assistance<\/p> \n    <\/div>\n\n    \n\n    <div class=\"link centered\">\n        <a href=\"https:\/\/taysirassistance.tn\/fr\/introduction\/sites-de-forage-et-dexploration-de-compagnies-petrolieres\/\"  target=\"\" class=\"btn btn-xs btn-primary\"><strong>Plus<\/strong><\/a>\n    <\/div>\n\n  <\/div>\n\n<\/div>\n\n<!-- END======================= TEASER BOX ==========================-->[\/vc_column_inner][\/vc_row_inner][vc_empty_space height=\u00a0\u00bb24px\u00a0\u00bb][vc_column_text]Offrir un service et une valeur exceptionnelle en mati\u00e8re de transport de soins de sant\u00e9.[\/vc_column_text][\/vc_column][vc_column width=\u00a0\u00bb1\/3&Prime;][vc_text_separator title=\u00a0\u00bbHeures de travail\u00a0\u00bb title_align=\u00a0\u00bbseparator_align_left\u00a0\u00bb align=\u00a0\u00bbalign_right\u00a0\u00bb color=\u00a0\u00bbblack\u00a0\u00bb][vc_raw_html]JTNDZGl2JTIwY2xhc3MlM0QlMjJ0aW1ldGFibGUlMjIlM0UlMEElMjAlMjAlM0N0YWJsZSUyMGNsYXNzJTNEJTIydGltZXRhYmxlX2hvdXJzJTIyJTNFJTBBJTIwJTIwJTIwJTIwJTNDdHIlM0UlMEElMjAlMjAlMjAlMjAlMjAlMjAlM0N0ZCUzRUxVTkRJJTNDJTJGdGQlM0UlMEElMjAlMjAlMjAlMjAlMjAlMjAlM0N0ZCUzRTI0JTIwSEVVUkVTJTNDJTJGdGQlM0UlMEElMjAlMjAlMjAlMjAlM0MlMkZ0ciUzRSUwQSUyMCUyMCUyMCUyMCUzQ3RyJTNFJTBBJTIwJTIwJTIwJTIwJTIwJTIwJTNDdGQlM0VNQVJESSUzQyUyRnRkJTNFJTBBJTIwJTIwJTIwJTIwJTIwJTIwJTNDdGQlM0UyNCUyMEhFVVJFUyUzQyUyRnRkJTNFJTBBJTIwJTIwJTIwJTIwJTNDJTJGdHIlM0UlMEElMjAlMjAlMjAlMjAlM0N0ciUzRSUwQSUyMCUyMCUyMCUyMCUyMCUyMCUzQ3RkJTNFTUVSQ1JFREklM0MlMkZ0ZCUzRSUwQSUyMCUyMCUyMCUyMCUyMCUyMCUzQ3RkJTNFMjQlMjBIRVVSRVMlM0MlMkZ0ZCUzRSUwQSUyMCUyMCUyMCUyMCUzQyUyRnRyJTNFJTBBJTIwJTIwJTIwJTIwJTNDdHIlM0UlMEElMjAlMjAlMjAlMjAlMjAlMjAlM0N0ZCUzRUpFVURJJTNDJTJGdGQlM0UlMEElMjAlMjAlMjAlMjAlMjAlMjAlM0N0ZCUzRTI0JTIwSEVVUkVTJTNDJTJGdGQlM0UlMEElMjAlMjAlMjAlMjAlM0MlMkZ0ciUzRSUwQSUyMCUyMCUyMCUyMCUzQ3RyJTNFJTBBJTIwJTIwJTIwJTIwJTIwJTIwJTNDdGQlM0VWRU5EUkVESSUzQyUyRnRkJTNFJTBBJTIwJTIwJTIwJTIwJTIwJTIwJTNDdGQlM0UyNCUyMEhFVVJFUyUzQyUyRnRkJTNFJTBBJTIwJTIwJTIwJTIwJTNDJTJGdHIlM0UlMEElMjAlMjAlMjAlMjAlM0N0ciUzRSUwQSUyMCUyMCUyMCUyMCUyMCUyMCUzQ3RkJTNFU0FNRURJJTNDJTJGdGQlM0UlMEElMjAlMjAlMjAlMjAlMjAlMjAlM0N0ZCUzRTI0JTIwSEVVUkVTJTNDJTJGdGQlM0UlMEElMjAlMjAlMjAlMjAlM0MlMkZ0ciUzRSUwQSUyMCUyMCUyMCUyMCUzQ3RyJTNFJTBBJTIwJTIwJTIwJTIwJTIwJTIwJTNDdGQlM0VESU1BTkNIRSUzQyUyRnRkJTNFJTBBJTIwJTIwJTIwJTIwJTIwJTIwJTNDdGQlM0UyNCUyMEhFVVJFUyUzQyUyRnRkJTNFJTBBJTIwJTIwJTIwJTIwJTNDJTJGdHIlM0UlMEElMjAlMjAlM0MlMkZ0YWJsZSUzRSUwQSUzQyUyRmRpdiUzRQ==[\/vc_raw_html][vc_text_separator title=\u00a0\u00bbTaysir Assistance\u00a0\u00bb title_align=\u00a0\u00bbseparator_align_left\u00a0\u00bb align=\u00a0\u00bbalign_right\u00a0\u00bb color=\u00a0\u00bbblack\u00a0\u00bb][vc_column_text]Pour la commodit\u00e9 de nos clients, ambulances Taysir fournissent le transport le plus confortable.[\/vc_column_text][\/vc_column][\/vc_row][vc_row color_set=\u00a0\u00bbsecondary_section\u00a0\u00bb full_width=\u00a0\u00bb0&Prime; full_height=\u00a0\u00bb0&Prime; transparent_overlay=\u00a0\u00bbtransparent_film\u00a0\u00bb background=\u00a0\u00bbbgimage\u00a0\u00bb bgimage=\u00a0\u00bb2068&Prime; parallax=\u00a0\u00bb0&Prime;][vc_column]<div class=\"section_header subtitle_bottom   fancy text-center\">\n\n    <h2>Vous souhaitez prendre rendez-vous?<\/h2>\n\n\n        <p >Appelez-nous au <b>(+ 216) 58-372-372 <\/b>ou remplissez le formulaire de rendez-vous ...<\/p>\n<\/div><div class=\"plethora_button wpb_content_element   text-center \">\n    <a href=\"https:\/\/taysirassistance.tn\/contact-taysir\/\" debug class=\" btn btn-success with-icon icon-left\" title=\"\"  target=\"_self\">\n\n         <i class=\"wmi icon-i-registration\"><\/i> \n        Formulaire de rendez-vous\n        \n\n    <\/a>\n<\/div>[\/vc_column][\/vc_row]<\/p>\n<\/div>","protected":false},"excerpt":{"rendered":"<p>[vc_row full_width=\u00a0\u00bb0&Prime; full_height=\u00a0\u00bb0&Prime; row_padding=\u00a0\u00bbno_bottom_padding\u00a0\u00bb sep_bottom=\u00a0\u00bbseparator_bottom sep_angled_positive_bottom\u00a0\u00bb particles=\u00a0\u00bb0&Prime;][vc_column][vc_column_text]TAYSIR ASSISTANCE est sp\u00e9cialis\u00e9e dans l\u2019assistance m\u00e9dicale, travaillant en collaboration avec les diff\u00e9rentes compagnies d\u2019assurances \u00e9trang\u00e8res op\u00e9rant en Tunisie, nous nous chargeons de la coordination et de l\u2019optimisation de la\u00a0logistique\u00a0des\u00a0secours. Soucieux de fournir un service de qualit\u00e9, nous r\u00e9alisons une \u00e9tude personnalis\u00e9e pour chaque cas, dirig\u00e9 par un\u00a0m\u00e9decin\u00a0coordonnateur.[\/vc_column_text][\/vc_column][vc_column][vc_column_text]L\u2019assistance m\u00e9dicale\u00a0mise [&hellip;]<\/p>\n","protected":false},"author":9,"featured_media":3071,"parent":0,"menu_order":0,"comment_status":"closed","ping_status":"closed","template":"","meta":{"footnotes":""},"class_list":["post-3399","page","type-page","status-publish","has-post-thumbnail","hentry"],"_links":{"self":[{"href":"https:\/\/taysirassistance.tn\/fr\/wp-json\/wp\/v2\/pages\/3399","targetHints":{"allow":["GET"]}}],"collection":[{"href":"https:\/\/taysirassistance.tn\/fr\/wp-json\/wp\/v2\/pages"}],"about":[{"href":"https:\/\/taysirassistance.tn\/fr\/wp-json\/wp\/v2\/types\/page"}],"author":[{"embeddable":true,"href":"https:\/\/taysirassistance.tn\/fr\/wp-json\/wp\/v2\/users\/9"}],"replies":[{"embeddable":true,"href":"https:\/\/taysirassistance.tn\/fr\/wp-json\/wp\/v2\/comments?post=3399"}],"version-history":[{"count":11,"href":"https:\/\/taysirassistance.tn\/fr\/wp-json\/wp\/v2\/pages\/3399\/revisions"}],"predecessor-version":[{"id":26365,"href":"https:\/\/taysirassistance.tn\/fr\/wp-json\/wp\/v2\/pages\/3399\/revisions\/26365"}],"wp:featuredmedia":[{"embeddable":true,"href":"https:\/\/taysirassistance.tn\/fr\/wp-json\/wp\/v2\/media\/3071"}],"wp:attachment":[{"href":"https:\/\/taysirassistance.tn\/fr\/wp-json\/wp\/v2\/media?parent=3399"}],"curies":[{"name":"wp","href":"https:\/\/api.w.org\/{rel}","templated":true}]}}