{"id":3406,"date":"2016-12-21T10:49:20","date_gmt":"2016-12-21T10:49:20","guid":{"rendered":"https:\/\/taysirassistance.tn\/?page_id=3406&#038;lang=fr"},"modified":"2016-12-30T16:09:14","modified_gmt":"2016-12-30T16:09:14","slug":"assistance-medicale-et-paramedicale","status":"publish","type":"page","link":"https:\/\/taysirassistance.tn\/fr\/taysir-assistance-2\/assistance-medicale-et-paramedicale\/","title":{"rendered":"Assistance M\u00e9dicale et Param\u00e9dicale"},"content":{"rendered":"<div class=\"wpb-content-wrapper\"><p>[vc_row full_width=\u00a0\u00bb0&Prime; full_height=\u00a0\u00bb0&Prime; row_padding=\u00a0\u00bbno_bottom_padding\u00a0\u00bb sep_bottom=\u00a0\u00bbseparator_bottom sep_angled_positive_bottom\u00a0\u00bb particles=\u00a0\u00bb0&Prime;][vc_column][vc_column_text]Nous pouvons organiser l\u2019\u00e9vacuation m\u00e9dicale d\u2019urgence de personnes gravement malades ou bless\u00e9es vers le centre m\u00e9dical le plus proche, par le moyen de transport le plus appropri\u00e9.<br \/>\nNos \u00e9quipes de <strong>Taysir Ambulance<\/strong> hautement exp\u00e9riment\u00e9es, sont sur place pour fournir le suivi m\u00e9dical n\u00e9cessaire et les services de soutien pendant le processus de transfert.<\/p>\n<p>Nous veillons toujours \u00e0 ce que nos malades \u00a0et leurs familles re\u00e7oivent le plus grand soin, la consid\u00e9ration et la compassion.<\/p>\n<ul>\n<li>Sant\u00e9 pr\u00e9-voyage ou conseils pratiques.<\/li>\n<li>Visite m\u00e9dicale dans un h\u00f4tel, une maison ou une clinique sans rendez-vous.<\/li>\n<li>Exp\u00e9dition des m\u00e9dicaments.<\/li>\n<li>Services de laboratoire.<\/li>\n<li>Transport m\u00e9dical local.<\/li>\n<li>Evacuation m\u00e9dicale d\u2019urgence. (Vol r\u00e9gulier ou ambulance a\u00e9rienne)<\/li>\n<li>Chercher et sauver.<\/li>\n<li>Escorte m\u00e9dicale.<\/li>\n<li>Admission \u00e0 l\u2019h\u00f4pital.<\/li>\n<li>Contr\u00f4le des co\u00fbts m\u00e9dicaux.<\/li>\n<\/ul>\n<p>Dans tous les cas, vous obtenez une confirmation que les services ont \u00e9t\u00e9 accomplis et \/ ou des rapports m\u00e9dicaux r\u00e9guli\u00e8rement mis \u00e0 jour.[\/vc_column_text][vc_column_text]Cette liste n\u2019est pas exhaustive:<\/p>\n<p>\u00b7 Interroger les patients sur leurs ant\u00e9c\u00e9dents m\u00e9dicaux<br \/>\n\u00b7 Enregistrer les signes vitaux<br \/>\n\u00b7 Admissions hospitali\u00e8res ou cliniques priv\u00e9es et liaison avec les m\u00e9decins<br \/>\n\u00b7 Services li\u00e9s aux situations d&rsquo;urgence telles que conseils juridiques, h\u00e9bergement d&rsquo;urgence ou avances de fonds &#8230;<br \/>\n\u00b7 Pr\u00e9parer les patients pour les examens de laboratoire et les services de radiographie, etc<br \/>\n\u00b7 Traitement de l&rsquo;alcool et des drogues<br \/>\n\u00b7 Les services de sant\u00e9 mentale,<br \/>\n\u00b7 Pr\u00e9parer des locaux pour les proc\u00e9dures, y compris la st\u00e9rilisation des \u00e9quipements<br \/>\n\u00b7 Aider les m\u00e9decins lors des examens, des radiographies,<br \/>\n\u00b7 Aider les patients \u00e0 comprendre les recommandations et les informations du m\u00e9decin<br \/>\n\u00b7 Donner des m\u00e9dicaments<br \/>\n\u00b7 Supprimer les points de suture<br \/>\n\u00b7 Traiter les dossiers m\u00e9dicaux<br \/>\n\u00b7 Remplissez les formulaires d&rsquo;assurance<br \/>\n\u00b7 Planifier les rendez-vous des patients et les proc\u00e9dures \u00e0 d&rsquo;autres \u00e9tablissements de soins m\u00e9dicaux<br \/>\n\u00b7 Accueillir les patients et g\u00e9rer les appels t\u00e9l\u00e9phoniques et la correspondance<br \/>\n\u00b7 Suivre les questions de facturation et de comptabilit\u00e9[\/vc_column_text][vc_media_grid grid_id=\u00a0\u00bbvc_gid:1483113774636-cb8c28f9-0625-9&Prime; include=\u00a0\u00bb2651,2647,3078&Prime;][\/vc_column][\/vc_row][vc_row color_set=\u00a0\u00bbsecondary_section\u00a0\u00bb full_width=\u00a0\u00bb0&Prime; full_height=\u00a0\u00bb0&Prime; particles=\u00a0\u00bb0&Prime;][vc_column][vc_row_inner][vc_column_inner]<div class=\"section_header subtitle_bottom   fancy text-center\">\n\n    <h2>Aide pour acc\u00e8s \u00e0 la chirurgie esth\u00e9tique<\/h2>\n\n\n        <p ><\/p>\n<\/div>[\/vc_column_inner][vc_column_inner width=\u00a0\u00bb1\/2&Prime;][vc_column_text]Notre \u00e9quipe de Taysir Assistance peut vous aider \u00e0 rencontrer les meilleurs sp\u00e9cialistes de la chirurgie esth\u00e9tique en Tunisie &#8230; Venez rencontrer l&rsquo;un de nos chirurgiens plasticiens de renomm\u00e9e mondiale, nous pouvons vous guider dans le processus qui va changer votre vie.<\/p>\n<p>Remodeler l&rsquo;apparence des parties du corps gr\u00e2ce \u00e0 la chirurgie esth\u00e9tique. Nos chirurgiens sont sp\u00e9cialis\u00e9s dans la reconstruction du visage, du cou, des oreilles, du nez, des yeux et des seins.[\/vc_column_text][\/vc_column_inner][vc_column_inner width=\u00a0\u00bb1\/2&Prime;]<div  class=\"twentytwenty-container  \" data-default_offset_pct=\"0.5\" data-orientation=\"horizontal\">\n    <img decoding=\"async\" src=\"https:\/\/taysirassistance.tn\/wp-content\/uploads\/2016\/12\/before.jpg\">\n    <img decoding=\"async\" src=\"https:\/\/taysirassistance.tn\/wp-content\/uploads\/2016\/12\/after.jpg\">\n<\/div>[\/vc_column_inner][\/vc_row_inner][\/vc_column][\/vc_row][vc_row color_set=\u00a0\u00bbsecondary_section\u00a0\u00bb full_width=\u00a0\u00bb0&Prime; full_height=\u00a0\u00bb0&Prime; transparent_overlay=\u00a0\u00bbtransparent_film\u00a0\u00bb background=\u00a0\u00bbbgimage\u00a0\u00bb bgimage=\u00a0\u00bb2068&Prime; parallax=\u00a0\u00bb0&Prime;][vc_column]<div class=\"section_header subtitle_bottom   fancy text-center\">\n\n    <h2>Vous souhaitez prendre rendez-vous?<\/h2>\n\n\n        <p >Appelez-nous au <b>(+ 216) 58-372-372 <\/b>ou remplissez le formulaire de rendez-vous ...<\/p>\n<\/div><div class=\"plethora_button wpb_content_element   text-center \">\n    <a href=\"https:\/\/taysirassistance.tn\/contact-taysir\/\" debug class=\" btn btn-success with-icon icon-left\" title=\"\"  target=\"_self\">\n\n         <i class=\"wmi icon-i-registration\"><\/i> \n        Formulaire de rendez-vous\n        \n\n    <\/a>\n<\/div>[\/vc_column][\/vc_row]<\/p>\n<\/div>","protected":false},"excerpt":{"rendered":"<p>[vc_row full_width=\u00a0\u00bb0&Prime; full_height=\u00a0\u00bb0&Prime; row_padding=\u00a0\u00bbno_bottom_padding\u00a0\u00bb sep_bottom=\u00a0\u00bbseparator_bottom sep_angled_positive_bottom\u00a0\u00bb particles=\u00a0\u00bb0&Prime;][vc_column][vc_column_text]Nous pouvons organiser l\u2019\u00e9vacuation m\u00e9dicale d\u2019urgence de personnes gravement malades ou bless\u00e9es vers le centre m\u00e9dical le plus proche, par le moyen de transport le plus appropri\u00e9. Nos \u00e9quipes de Taysir Ambulance hautement exp\u00e9riment\u00e9es, sont sur place pour fournir le suivi m\u00e9dical n\u00e9cessaire et les services de soutien pendant [&hellip;]<\/p>\n","protected":false},"author":9,"featured_media":3691,"parent":3399,"menu_order":0,"comment_status":"closed","ping_status":"closed","template":"","meta":{"footnotes":""},"class_list":["post-3406","page","type-page","status-publish","has-post-thumbnail","hentry"],"_links":{"self":[{"href":"https:\/\/taysirassistance.tn\/fr\/wp-json\/wp\/v2\/pages\/3406","targetHints":{"allow":["GET"]}}],"collection":[{"href":"https:\/\/taysirassistance.tn\/fr\/wp-json\/wp\/v2\/pages"}],"about":[{"href":"https:\/\/taysirassistance.tn\/fr\/wp-json\/wp\/v2\/types\/page"}],"author":[{"embeddable":true,"href":"https:\/\/taysirassistance.tn\/fr\/wp-json\/wp\/v2\/users\/9"}],"replies":[{"embeddable":true,"href":"https:\/\/taysirassistance.tn\/fr\/wp-json\/wp\/v2\/comments?post=3406"}],"version-history":[{"count":12,"href":"https:\/\/taysirassistance.tn\/fr\/wp-json\/wp\/v2\/pages\/3406\/revisions"}],"predecessor-version":[{"id":3908,"href":"https:\/\/taysirassistance.tn\/fr\/wp-json\/wp\/v2\/pages\/3406\/revisions\/3908"}],"up":[{"embeddable":true,"href":"https:\/\/taysirassistance.tn\/fr\/wp-json\/wp\/v2\/pages\/3399"}],"wp:featuredmedia":[{"embeddable":true,"href":"https:\/\/taysirassistance.tn\/fr\/wp-json\/wp\/v2\/media\/3691"}],"wp:attachment":[{"href":"https:\/\/taysirassistance.tn\/fr\/wp-json\/wp\/v2\/media?parent=3406"}],"curies":[{"name":"wp","href":"https:\/\/api.w.org\/{rel}","templated":true}]}}